{"id":208,"date":"2020-09-09T12:27:31","date_gmt":"2020-09-09T10:27:31","guid":{"rendered":"https:\/\/uneautreville.com\/?page_id=208"},"modified":"2024-11-04T17:03:22","modified_gmt":"2024-11-04T16:03:22","slug":"home","status":"publish","type":"page","link":"https:\/\/uneautreville.com\/en\/","title":{"rendered":"Home"},"content":{"rendered":"<section class=\"uav-block uav-hero\">\n  <div class=\"container first-row\">\n    <div class=\"column image-column\" style=\"background-image:url(https:\/\/uneautreville.com\/wp-content\/uploads\/2020\/09\/home-pattern-1.png);\"><\/div>\n    <div class=\"column image-column\" style=\"background-image:url(https:\/\/uneautreville.com\/wp-content\/uploads\/2020\/09\/home-pattern-2.png);\"><\/div>\n  <\/div>\n  <div class=\"container second-row\">\n    <div class=\"column text-column\" style=\"background-color:#ffffff;\">\n      <h1>Une autre ville,<br \/>\r\nconsulting firm<br \/>\r\nengaged in urban projects<br \/>\r\ncommitted to ecological transition<\/h1>\n    <\/div>\n    <div class=\"column link-column\" style=\"background-color:#fcd3a6;\">\n      <a href=\"\" target=\"_blank\">Download our brochure<\/a>\n    <\/div>\n  <\/div>\n<\/section>\n\n<section class=\"uav-block uav-text-image\">\n  <div class=\"container\">\n    <div class=\"column image-column cover\" style=\"background-image:url(https:\/\/uneautreville.com\/wp-content\/uploads\/2024\/11\/Choix-final-recadre-e1736245599761.jpg);\"><img data-recalc-dims=\"1\" decoding=\"async\" src=\"https:\/\/i0.wp.com\/uneautreville.com\/wp-content\/uploads\/2024\/11\/Choix-final-recadre-e1736245599761.jpg?ssl=1\" style=\"width:75%;\" \/><\/div><div class=\"column text-column\" style=\"background-color:;\"><p class=\"big-text\">Founded in 2012, Une Autre Ville is an urban planning consultancy dedicated to guiding local authorities and spatial planners in envisioning, designing, and realizing urban projects that champion ecological transition across urban, suburban, and rural landscapes. Our team comprises passionate urban planners committed to sustainable development and environmental stewardship.<br \/>\r\nUne Autre Ville leverages its deep environmental and operational expertise to shape and accelerate projects with a collaborative spirit, bringing forward a unique blend of perspective, creativity, and ambition. Driven by a holistic approach, we strive to create impactful, sustainable solutions that reflect a strong commitment to ecological and social transformation.<\/p><\/div>  <\/div>\n<\/section>\n\n<section class=\"uav-block uav-text-image\">\n  <div class=\"container\">\n    <div class=\"column text-column\" style=\"background-color:#fcd3a6;\"><p class=\"big-text\">At Une Autre Ville, we approach every urban project with an open mind, free from preconceived notions. We prioritize understanding the unique context of each project before presenting our vision, which is grounded in both pragmatism and creativity.<br \/>\r\nOur commitment to ecological transition in urban development requires that this dedication be clearly articulated, shared, embraced, and desired by all stakeholders involved. We believe that our projects must be examined through both their material and immaterial dimensions, considering spatial, operational, environmental, and social factors to ensure comprehensive and sustainable solutions.<\/p><\/div><div class=\"column image-column center pattern-white\" style=\"background-color:#fcd3a6;\"><img decoding=\"async\" src=\"\" style=\"width:67%;\" \/><\/div>  <\/div>\n<\/section>\n\n<section class=\"uav-block uav-last-projects\" style=\"background-color:#fff;\">\n  <div class=\"container\">\n    <div class=\"column\">\n      <h2>Our latest projects<\/h2>\n      <div class=\"projects-grid\">\n        <div class=\"project-cell\">\n    <a class=\"project-link hover-logo\" href=\"https:\/\/uneautreville.com\/en\/projet\/etude-urbaine-grette-brulard-polygones\/\" data-logo-hover=\"logo-6\">\n      <div class=\"thumbnail image-container\">\n        <img class=\"image-cover lazyload\" data-src=\"https:\/\/uneautreville.com\/wp-content\/uploads\/2022\/01\/Image-BCON.jpg\" alt=\"Etude urbaine \u00abGrette - Brulard - Polygones\u00bb\" \/>\n        <div class=\"category category-label co-conception\">Co-operative design<\/div>\n      <\/div>\n      <h4>Etude urbaine \u00abGrette &#8211; Brulard &#8211; Polygones\u00bb<\/h4>\n    <\/a>\n    <p class=\"location\">\u00c0 Besan\u00e7on<\/p>\n    <p class=\"client\">For <a href=\"https:\/\/www.besancon.fr\/\" target=\"_blank\"><span>Ville de Besan\u00e7on<\/span><\/a><\/p>\n    <p class=\"years\">2021<\/p>\n  <\/div>\n<div class=\"project-cell\">\n    <a class=\"project-link hover-logo\" href=\"https:\/\/uneautreville.com\/en\/projet\/faches-thumesnil-2050\/\" data-logo-hover=\"logo-6\">\n      <div class=\"thumbnail image-container\">\n        <img class=\"image-cover lazyload\" data-src=\"https:\/\/uneautreville.com\/wp-content\/uploads\/2022\/01\/Capture-decran-2022-01-16-192839.png\" alt=\"Faches-Thumesnil 2050\" \/>\n        <div class=\"category category-label co-conception\">Co-operative design<\/div>\n      <\/div>\n      <h4>Faches-Thumesnil 2050<\/h4>\n    <\/a>\n    <p class=\"location\">\u00c0 Faches-Thumesnil<\/p>\n    <p class=\"client\">For <a href=\"https:\/\/www.ville-fachesthumesnil.fr\/\" target=\"_blank\"><span>Ville de Faches-Thumesnil<\/span><\/a><\/p>\n    <p class=\"years\">2021-2024<\/p>\n  <\/div>\n<div class=\"project-cell\">\n    <a class=\"project-link hover-logo\" href=\"https:\/\/uneautreville.com\/en\/projet\/accompagnement-au-dispositif-eco-gestionnaire\/\" data-logo-hover=\"logo-6\">\n      <div class=\"thumbnail image-container\">\n        <img class=\"image-cover lazyload\" data-src=\"https:\/\/uneautreville.com\/wp-content\/uploads\/2022\/01\/P1000587-scaled.jpg\" alt=\"Accompagnement au dispositif \u00ab\u00e9co-gestionnaire\u00bb\" \/>\n        <div class=\"category category-label experiment\">Experimentation, R&amp;D<\/div>\n      <\/div>\n      <h4>Accompagnement au dispositif \u00ab\u00e9co-gestionnaire\u00bb<\/h4>\n    <\/a>\n    <p class=\"location\">\u00c0 Paris, trois sites d\u2019exp\u00e9rimentation<\/p>\n    <p class=\"client\">For <a href=\"https:\/\/www.apc-paris.com\/\" target=\"_blank\"><span>Agence Parisienne du Climat (APC)<\/span><\/a><\/p>\n    <p class=\"years\">2021<\/p>\n  <\/div>\n<div class=\"project-cell\">\n    <a class=\"project-link hover-logo\" href=\"https:\/\/uneautreville.com\/en\/projet\/1232\/\" data-logo-hover=\"logo-6\">\n      <div class=\"thumbnail image-container\">\n        <img class=\"image-cover lazyload\" data-src=\"https:\/\/uneautreville.com\/wp-content\/uploads\/2021\/12\/Capture-decran-2021-09-16-120851.png\" alt=\"Caserne Ranconval\" \/>\n        <div class=\"category category-label operational-support\">Operational support<\/div>\n      <\/div>\n      <h4>Caserne Ranconval<\/h4>\n    <\/a>\n    <p class=\"location\">\u00c0 Metz<\/p>\n    <p class=\"client\">For <a href=\"https:\/\/www.saremm.com\/\" target=\"_blank\"><span>SAREMM<\/span><\/a><\/p>\n    <p class=\"years\">2021-2022<\/p>\n  <\/div>\n      <\/div>\n      <a class=\"hover-logo big-text\" href=\"https:\/\/uneautreville.com\/en\/projects\/\" data-logo-hover=\"logo-4\">Explore all our projects<\/a>\n    <\/div>\n  <\/div>\n<\/section>\n\n<section class=\"uav-block uav-last-publications\" style=\"background-color:#cae8f5;\">\n  <div class=\"container\">\n    <div class=\"column\">\n      <h2>Our latest publications<\/h2>\n      <div class=\"publications-grid\">\n        <div class=\"publication-cell\">\n  <a class=\"publication-link hover-logo\" href=\"https:\/\/uneautreville.com\/en\/publication\/pt-rex-on-fait-le-bilan-calmement\/\" data-logo-hover=\"logo-7\">\n    <div class=\"thumbnail image-container\">\n      <img class=\"image-cover lazyload\" data-src=\"https:\/\/uneautreville.com\/wp-content\/uploads\/2025\/01\/SPHOCOPIEUR24122015400_page-0001-scaled.jpg\" alt=\"P&#039;T-Rex | On fait le bilan, calmement.\" \/>\n    <\/div>\n    <h4>P&#039;T-Rex | On fait le bilan, calmement.<\/h4>\n    <p class=\"date\">Published on 13 january 2025<\/p>\n  <\/a>\n<\/div>\n<div class=\"publication-cell\">\n  <a class=\"publication-link hover-logo\" href=\"https:\/\/uneautreville.com\/en\/publication\/revue-de-presse-novembre-2024\/\" data-logo-hover=\"logo-7\">\n    <div class=\"thumbnail image-container\">\n      <img class=\"image-cover lazyload\" data-src=\"https:\/\/uneautreville.com\/wp-content\/uploads\/2024\/12\/2024-11.png\" alt=\"Revue de presse novembre 2024\" \/>\n    <\/div>\n    <h4>Revue de presse novembre 2024<\/h4>\n    <p class=\"date\">Published on 05 december 2024<\/p>\n  <\/a>\n<\/div>\n<div class=\"publication-cell\">\n  <a class=\"publication-link hover-logo\" href=\"https:\/\/uneautreville.com\/en\/publication\/revue-de-presse-octobre-2024\/\" data-logo-hover=\"logo-7\">\n    <div class=\"thumbnail image-container\">\n      <img class=\"image-cover lazyload\" data-src=\"https:\/\/uneautreville.com\/wp-content\/uploads\/2024\/11\/2024-10.png\" alt=\"Revue de presse octobre 2024\" \/>\n    <\/div>\n    <h4>Revue de presse octobre 2024<\/h4>\n    <p class=\"date\">Published on 13 november 2024<\/p>\n  <\/a>\n<\/div>\n<div class=\"publication-cell\">\n  <a class=\"publication-link hover-logo\" href=\"https:\/\/uneautreville.com\/en\/publication\/pt-rex-travail-vs-matiere-a-quand-le-match-retour\/\" data-logo-hover=\"logo-7\">\n    <div class=\"thumbnail image-container\">\n      <img class=\"image-cover lazyload\" data-src=\"https:\/\/uneautreville.com\/wp-content\/uploads\/2024\/11\/1713978181421.png\" alt=\"P&#039;T-Rex | Travail vs. mati\u00e8re, \u00e0 quand le match retour ?\" \/>\n    <\/div>\n    <h4>P&#039;T-Rex | Travail vs. mati\u00e8re, \u00e0 quand le match retour ?<\/h4>\n    <p class=\"date\">Published on 04 november 2024<\/p>\n  <\/a>\n<\/div>\n      <\/div>\n      <a class=\"hover-logo big-text\" href=\"https:\/\/uneautreville.com\/en\/publications\/\" data-logo-hover=\"logo-5\">Explore all our publications<\/a>\n    <\/div>\n  <\/div>\n<\/section>\n\n<section class=\"uav-block uav-news\" style=\"background-color:#cee1d8;\">\n  <div class=\"container\">\n    <div class=\"column\">\n      <h2>News feed<\/h2>\n    <\/div>\n  <\/div>\n  <div class=\"twitter-feed\">\n    <div id=\"ctf\" class=\"ctf\"><div class=\"ctf-error\"><div class=\"ctf-error-user\"><p>Unable to load Tweets<\/p><a class=\"twitter-share-button\"href=\"https:\/\/twitter.com\/share\"data-size=\"large\"data-url=\"https:\/\/uneautreville.com\/en\/\"data-text=\"Check out this website\"><\/a><a class=\"twitter-follow-button\"href=\"https:\/\/twitter.com\/une_autre_ville\"data-show-count=\"false\"data-size=\"large\"data-dnt=\"true\">Follow<\/a><\/div><\/div><\/div>  <\/div>\n<\/section>\n\n<section class=\"uav-block uav-contact\">\n  <div class=\"container\">\n    <div class=\"column text-column\" style=\"background-color:#fff;\"><h2>Contact us<\/h2><p class=\"address big-text\">19 Rue Fr\u00e9d\u00e9rick Lema\u00eetre,<br \/>\r\n75020 Paris<\/p><p class=\"text\">We are pleased to share our offices with <b>Le Sens de la Ville<\/b> and <b>Kairos Ing\u00e9nierie <\/b>, with whom we collaborate regularly.<\/p><p class=\"phone big-text\">+33 9 82 39 66 43<\/p><\/div><div id=\"map\" class=\"column map-column\"><\/div>  <\/div>\n<\/section>","protected":false},"excerpt":{"rendered":"","protected":false},"author":7,"featured_media":0,"parent":0,"menu_order":0,"comment_status":"closed","ping_status":"closed","template":"","meta":{"footnotes":""},"class_list":["post-208","page","type-page","status-publish","hentry"],"yoast_head":"<!-- This site is optimized with the Yoast SEO plugin v27.4 - https:\/\/yoast.com\/product\/yoast-seo-wordpress\/ -->\n<title>Home - Une autre ville<\/title>\n<meta name=\"robots\" content=\"index, follow, max-snippet:-1, max-image-preview:large, max-video-preview:-1\" \/>\n<link rel=\"canonical\" href=\"https:\/\/uneautreville.com\/en\/\" \/>\n<meta property=\"og:locale\" content=\"en_US\" \/>\n<meta property=\"og:type\" content=\"article\" \/>\n<meta property=\"og:title\" content=\"Home - Une autre ville\" \/>\n<meta property=\"og:url\" content=\"https:\/\/uneautreville.com\/en\/\" \/>\n<meta property=\"og:site_name\" content=\"Une autre ville\" \/>\n<meta property=\"article:modified_time\" content=\"2024-11-04T16:03:22+00:00\" \/>\n<meta property=\"og:image\" content=\"https:\/\/uneautreville.com\/wp-content\/uploads\/2020\/09\/home-skills-1.png\" \/>\n<meta name=\"twitter:card\" content=\"summary_large_image\" \/>\n<meta name=\"twitter:image\" content=\"https:\/\/uneautreville.com\/wp-content\/uploads\/2020\/09\/home-skills-1.png\" \/>\n<meta name=\"twitter:label1\" content=\"Est. reading time\" \/>\n\t<meta name=\"twitter:data1\" content=\"1 minute\" \/>\n<script type=\"application\/ld+json\" class=\"yoast-schema-graph\">{\"@context\":\"https:\\\/\\\/schema.org\",\"@graph\":[{\"@type\":\"WebPage\",\"@id\":\"https:\\\/\\\/uneautreville.com\\\/en\\\/\",\"url\":\"https:\\\/\\\/uneautreville.com\\\/en\\\/\",\"name\":\"Home - Une autre ville\",\"isPartOf\":{\"@id\":\"https:\\\/\\\/uneautreville.com\\\/#website\"},\"datePublished\":\"2020-09-09T10:27:31+00:00\",\"dateModified\":\"2024-11-04T16:03:22+00:00\",\"breadcrumb\":{\"@id\":\"https:\\\/\\\/uneautreville.com\\\/en\\\/#breadcrumb\"},\"inLanguage\":\"en-US\",\"potentialAction\":[{\"@type\":\"ReadAction\",\"target\":[\"https:\\\/\\\/uneautreville.com\\\/en\\\/\"]}]},{\"@type\":\"BreadcrumbList\",\"@id\":\"https:\\\/\\\/uneautreville.com\\\/en\\\/#breadcrumb\",\"itemListElement\":[{\"@type\":\"ListItem\",\"position\":1,\"name\":\"Accueil\",\"item\":\"https:\\\/\\\/uneautreville.com\\\/en\\\/\"},{\"@type\":\"ListItem\",\"position\":2,\"name\":\"Home\"}]},{\"@type\":\"WebSite\",\"@id\":\"https:\\\/\\\/uneautreville.com\\\/#website\",\"url\":\"https:\\\/\\\/uneautreville.com\\\/\",\"name\":\"Une autre ville\",\"description\":\"\",\"publisher\":{\"@id\":\"https:\\\/\\\/uneautreville.com\\\/#organization\"},\"potentialAction\":[{\"@type\":\"SearchAction\",\"target\":{\"@type\":\"EntryPoint\",\"urlTemplate\":\"https:\\\/\\\/uneautreville.com\\\/?s={search_term_string}\"},\"query-input\":{\"@type\":\"PropertyValueSpecification\",\"valueRequired\":true,\"valueName\":\"search_term_string\"}}],\"inLanguage\":\"en-US\"},{\"@type\":\"Organization\",\"@id\":\"https:\\\/\\\/uneautreville.com\\\/#organization\",\"name\":\"Une autre ville\",\"url\":\"https:\\\/\\\/uneautreville.com\\\/\",\"logo\":{\"@type\":\"ImageObject\",\"inLanguage\":\"en-US\",\"@id\":\"https:\\\/\\\/uneautreville.com\\\/#\\\/schema\\\/logo\\\/image\\\/\",\"url\":\"https:\\\/\\\/uneautreville.com\\\/wp-content\\\/uploads\\\/2020\\\/09\\\/uav-favicon.png\",\"contentUrl\":\"https:\\\/\\\/uneautreville.com\\\/wp-content\\\/uploads\\\/2020\\\/09\\\/uav-favicon.png\",\"width\":512,\"height\":512,\"caption\":\"Une autre ville\"},\"image\":{\"@id\":\"https:\\\/\\\/uneautreville.com\\\/#\\\/schema\\\/logo\\\/image\\\/\"}}]}<\/script>\n<!-- \/ Yoast SEO plugin. -->","yoast_head_json":{"title":"Home - Une autre ville","robots":{"index":"index","follow":"follow","max-snippet":"max-snippet:-1","max-image-preview":"max-image-preview:large","max-video-preview":"max-video-preview:-1"},"canonical":"https:\/\/uneautreville.com\/en\/","og_locale":"en_US","og_type":"article","og_title":"Home - Une autre ville","og_url":"https:\/\/uneautreville.com\/en\/","og_site_name":"Une autre ville","article_modified_time":"2024-11-04T16:03:22+00:00","og_image":[{"url":"https:\/\/uneautreville.com\/wp-content\/uploads\/2020\/09\/home-skills-1.png","type":"","width":"","height":""}],"twitter_card":"summary_large_image","twitter_image":"https:\/\/uneautreville.com\/wp-content\/uploads\/2020\/09\/home-skills-1.png","twitter_misc":{"Est. reading time":"1 minute"},"schema":{"@context":"https:\/\/schema.org","@graph":[{"@type":"WebPage","@id":"https:\/\/uneautreville.com\/en\/","url":"https:\/\/uneautreville.com\/en\/","name":"Home - Une autre ville","isPartOf":{"@id":"https:\/\/uneautreville.com\/#website"},"datePublished":"2020-09-09T10:27:31+00:00","dateModified":"2024-11-04T16:03:22+00:00","breadcrumb":{"@id":"https:\/\/uneautreville.com\/en\/#breadcrumb"},"inLanguage":"en-US","potentialAction":[{"@type":"ReadAction","target":["https:\/\/uneautreville.com\/en\/"]}]},{"@type":"BreadcrumbList","@id":"https:\/\/uneautreville.com\/en\/#breadcrumb","itemListElement":[{"@type":"ListItem","position":1,"name":"Accueil","item":"https:\/\/uneautreville.com\/en\/"},{"@type":"ListItem","position":2,"name":"Home"}]},{"@type":"WebSite","@id":"https:\/\/uneautreville.com\/#website","url":"https:\/\/uneautreville.com\/","name":"Une autre ville","description":"","publisher":{"@id":"https:\/\/uneautreville.com\/#organization"},"potentialAction":[{"@type":"SearchAction","target":{"@type":"EntryPoint","urlTemplate":"https:\/\/uneautreville.com\/?s={search_term_string}"},"query-input":{"@type":"PropertyValueSpecification","valueRequired":true,"valueName":"search_term_string"}}],"inLanguage":"en-US"},{"@type":"Organization","@id":"https:\/\/uneautreville.com\/#organization","name":"Une autre ville","url":"https:\/\/uneautreville.com\/","logo":{"@type":"ImageObject","inLanguage":"en-US","@id":"https:\/\/uneautreville.com\/#\/schema\/logo\/image\/","url":"https:\/\/uneautreville.com\/wp-content\/uploads\/2020\/09\/uav-favicon.png","contentUrl":"https:\/\/uneautreville.com\/wp-content\/uploads\/2020\/09\/uav-favicon.png","width":512,"height":512,"caption":"Une autre ville"},"image":{"@id":"https:\/\/uneautreville.com\/#\/schema\/logo\/image\/"}}]}},"meta_box":{"uav_logo_appearance":"logo-1","uav_show_title_mobile":"0","uav_category_description_co-conception":"","uav_category_description_operational-support":"","uav_category_description_evaluation":"","uav_category_description_experiment":""},"_links":{"self":[{"href":"https:\/\/uneautreville.com\/en\/wp-json\/wp\/v2\/pages\/208","targetHints":{"allow":["GET"]}}],"collection":[{"href":"https:\/\/uneautreville.com\/en\/wp-json\/wp\/v2\/pages"}],"about":[{"href":"https:\/\/uneautreville.com\/en\/wp-json\/wp\/v2\/types\/page"}],"author":[{"embeddable":true,"href":"https:\/\/uneautreville.com\/en\/wp-json\/wp\/v2\/users\/7"}],"replies":[{"embeddable":true,"href":"https:\/\/uneautreville.com\/en\/wp-json\/wp\/v2\/comments?post=208"}],"version-history":[{"count":37,"href":"https:\/\/uneautreville.com\/en\/wp-json\/wp\/v2\/pages\/208\/revisions"}],"predecessor-version":[{"id":1978,"href":"https:\/\/uneautreville.com\/en\/wp-json\/wp\/v2\/pages\/208\/revisions\/1978"}],"wp:attachment":[{"href":"https:\/\/uneautreville.com\/en\/wp-json\/wp\/v2\/media?parent=208"}],"curies":[{"name":"wp","href":"https:\/\/api.w.org\/{rel}","templated":true}]}}